{"id":10324,"date":"2021-11-04T14:52:53","date_gmt":"2021-11-04T14:52:53","guid":{"rendered":"https:\/\/endospineistanbul.com\/hakkimizda\/"},"modified":"2025-01-25T10:53:03","modified_gmt":"2025-01-25T10:53:03","slug":"ueber-uns","status":"publish","type":"page","link":"https:\/\/endospineistanbul.com\/de\/ueber-uns\/","title":{"rendered":"\u00dcber Uns"},"content":{"rendered":"\t\t<div data-elementor-type=\"wp-page\" data-elementor-id=\"10324\" class=\"elementor elementor-10324\">\n\t\t\t\t<div class=\"wd-negative-gap elementor-element elementor-element-369ab8f wd-section-stretch e-flex e-con-boxed e-con e-parent\" data-id=\"369ab8f\" data-element_type=\"container\" data-e-type=\"container\" data-settings=\"{&quot;background_background&quot;:&quot;classic&quot;}\">\n\t\t\t\t\t<div class=\"e-con-inner\">\n\t\t<div class=\"elementor-element elementor-element-7f57c8a e-con-full elementor-hidden-tablet elementor-hidden-mobile e-flex e-con e-child\" data-id=\"7f57c8a\" data-element_type=\"container\" data-e-type=\"container\">\n\t\t<div class=\"elementor-element elementor-element-d3edb93 e-con-full e-flex e-con e-child\" data-id=\"d3edb93\" data-element_type=\"container\" data-e-type=\"container\">\n\t\t\t\t<div class=\"elementor-element elementor-element-4cd7a64 elementor-widget__width-inherit elementor-widget elementor-widget-wd_image_or_svg\" data-id=\"4cd7a64\" data-element_type=\"widget\" data-e-type=\"widget\" data-widget_type=\"wd_image_or_svg.default\">\n\t\t\t\t<div class=\"elementor-widget-container\">\n\t\t\t\t\t\n\t\t<div class=\"wd-image text-center\">\n\t\t\t\t\t\t\t\t<img fetchpriority=\"high\" decoding=\"async\" width=\"3160\" height=\"840\" src=\"https:\/\/endospineistanbul.com\/wp-content\/uploads\/2025\/01\/endospinelogo.png\" class=\"attachment-full size-full\" alt=\"\" srcset=\"https:\/\/endospineistanbul.com\/wp-content\/uploads\/2025\/01\/endospinelogo.png 3160w, https:\/\/endospineistanbul.com\/wp-content\/uploads\/2025\/01\/endospinelogo-300x80.png 300w, https:\/\/endospineistanbul.com\/wp-content\/uploads\/2025\/01\/endospinelogo-1024x272.png 1024w, https:\/\/endospineistanbul.com\/wp-content\/uploads\/2025\/01\/endospinelogo-768x204.png 768w, https:\/\/endospineistanbul.com\/wp-content\/uploads\/2025\/01\/endospinelogo-1536x408.png 1536w, https:\/\/endospineistanbul.com\/wp-content\/uploads\/2025\/01\/endospinelogo-2048x544.png 2048w, https:\/\/endospineistanbul.com\/wp-content\/uploads\/2025\/01\/endospinelogo-600x159.png 600w, https:\/\/endospineistanbul.com\/wp-content\/uploads\/2025\/01\/endospinelogo-150x40.png 150w\" sizes=\"(max-width: 3160px) 100vw, 3160px\" \/>\t\t\t\t\t<\/div>\n\n\t\t\t\t\t\t<\/div>\n\t\t\t\t<\/div>\n\t\t\t\t<\/div>\n\t\t\t\t<\/div>\n\t\t<div class=\"elementor-element elementor-element-48d005c e-con-full e-flex e-con e-child\" data-id=\"48d005c\" data-element_type=\"container\" data-e-type=\"container\">\n\t\t\t\t<div class=\"elementor-element elementor-element-903a87a wd-width-100 elementor-widget elementor-widget-wd_title\" data-id=\"903a87a\" data-element_type=\"widget\" data-e-type=\"widget\" data-widget_type=\"wd_title.default\">\n\t\t\t\t<div class=\"elementor-widget-container\">\n\t\t\t\t\t\t\t<div class=\"title-wrapper wd-set-mb reset-last-child wd-title-color-default wd-title-style-default wd-title-size-large text-left\">\n\n\t\t\t\n\t\t\t<div class=\"liner-continer\">\n\t\t\t\t<h4 class=\"woodmart-title-container title wd-fontsize-xxl\">Gesunde Bewegung, gl\u00fcckliches Leben!<\/h4> \n\t\t\t\t\t\t\t<\/div>\n\n\t\t\t\t\t<\/div>\n\t\t\t\t\t\t<\/div>\n\t\t\t\t<\/div>\n\t\t\t\t<div class=\"elementor-element elementor-element-86b5333 elementor-widget__width-inherit elementor-widget elementor-widget-wd_text_block\" data-id=\"86b5333\" data-element_type=\"widget\" data-e-type=\"widget\" data-widget_type=\"wd_text_block.default\">\n\t\t\t\t<div class=\"elementor-widget-container\">\n\t\t\t\t\t\t\t<div class=\"wd-text-block reset-last-child text-left\">\n\t\t\t\n\t\t\t<p style=\"text-align: justify;\">\u201cGesunde Bewegung, gl\u00fcckliches Leben!\u201c Unser Slogan fasst die innovativen chirurgischen Ans\u00e4tze zusammen, die wir anbieten, um unseren Patienten ein aktiveres und schmerzfreies Leben zu erm\u00f6glichen.<\/p><p style=\"text-align: justify;\">Wirbels\u00e4ulenoperationen, die wir mithilfe vollst\u00e4ndig geschlossener endoskopischer Techniken durchf\u00fchren, zielen darauf ab, die Lebensqualit\u00e4t durch einen schnellen Genesungsprozess zu verbessern. Wir helfen Ihnen, Ihre Bewegungsfreiheit wiederzuerlangen!<\/p>\n\t\t\t\t\t<\/div>\n\t\t\t\t\t\t<\/div>\n\t\t\t\t<\/div>\n\t\t\t\t<\/div>\n\t\t\t\t\t<\/div>\n\t\t\t\t<\/div>\n\t\t<div class=\"wd-negative-gap elementor-element elementor-element-ae9e5dd e-flex e-con-boxed e-con e-parent\" data-id=\"ae9e5dd\" data-element_type=\"container\" data-e-type=\"container\">\n\t\t\t\t\t<div class=\"e-con-inner\">\n\t\t<div class=\"elementor-element elementor-element-596cdcd e-con-full e-flex e-con e-child\" data-id=\"596cdcd\" data-element_type=\"container\" data-e-type=\"container\">\n\t\t\t\t<div class=\"elementor-element elementor-element-a8680b6 wd-width-100 elementor-widget elementor-widget-wd_title\" data-id=\"a8680b6\" data-element_type=\"widget\" data-e-type=\"widget\" data-widget_type=\"wd_title.default\">\n\t\t\t\t<div class=\"elementor-widget-container\">\n\t\t\t\t\t\t\t<div class=\"title-wrapper wd-set-mb reset-last-child wd-title-color-primary wd-title-style-underlined-2 wd-title-size-large text-left\">\n\n\t\t\t\n\t\t\t<div class=\"liner-continer\">\n\t\t\t\t<h4 class=\"woodmart-title-container title wd-fontsize-xxl\">DR. EYUP BAYKARA<\/h4> \n\t\t\t\t\t\t\t<\/div>\n\n\t\t\t\t\t<\/div>\n\t\t\t\t\t\t<\/div>\n\t\t\t\t<\/div>\n\t\t\t\t<div class=\"elementor-element elementor-element-a53b250 elementor-widget elementor-widget-wd_text_block\" data-id=\"a53b250\" data-element_type=\"widget\" data-e-type=\"widget\" data-widget_type=\"wd_text_block.default\">\n\t\t\t\t<div class=\"elementor-widget-container\">\n\t\t\t\t\t\t\t<div class=\"wd-text-block reset-last-child text-left\">\n\t\t\t\n\t\t\t<p style=\"text-align: justify;\">Op. Dr. Ey\u00fcp Baykara ist einer der f\u00fchrenden Spezialisten f\u00fcr vollst\u00e4ndig endoskopische Wirbels\u00e4ulenchirurgie in der T\u00fcrkei. Der in Istanbul geborene Dr. Baykara schloss sein Medizinstudium an der medizinischen Fakult\u00e4t der Universit\u00e4t Trakya ab und erhielt anschlie\u00dfend seine Facharztausbildung an der medizinischen Fakult\u00e4t der Universit\u00e4t Pamukkale, Abteilung f\u00fcr Gehirn- und Nervenchirurgie.<\/p><p style=\"text-align: justify;\">Dr. hat w\u00e4hrend seiner gesamten medizinischen Karriere die Innovationen und technologischen Entwicklungen auf dem Gebiet der Wirbels\u00e4ulenchirurgie aufmerksam verfolgt. Baykara verf\u00fcgt \u00fcber umfassende Fachkenntnisse im Bereich vollst\u00e4ndig geschlossener endoskopischer Operationstechniken. Heute bietet es seinen Patienten durch den Einsatz minimalinvasiver Operationsmethoden einen angenehmen und schnellen Genesungsprozess.<\/p><p style=\"text-align: justify;\">Zu den angebotenen Leistungen geh\u00f6ren:<\/p><ul><li style=\"text-align: justify;\">Vollst\u00e4ndige endoskopische Operation bei Bandscheibenvorf\u00e4llen in der Lendenwirbels\u00e4ule<\/li><li style=\"text-align: justify;\">Vollst\u00e4ndige endoskopische Kanalstenose-Operation<\/li><li style=\"text-align: justify;\">Vollendoskopische Operation bei Bandscheibenvorf\u00e4llen in der Halswirbels\u00e4ule<\/li><\/ul>\n\t\t\t\t\t<\/div>\n\t\t\t\t\t\t<\/div>\n\t\t\t\t<\/div>\n\t\t\t\t<\/div>\n\t\t<div class=\"elementor-element elementor-element-e725b02 e-con-full e-flex e-con e-child\" data-id=\"e725b02\" data-element_type=\"container\" data-e-type=\"container\">\n\t\t\t\t<div class=\"elementor-element elementor-element-be5d3bf elementor-widget__width-inherit elementor-widget elementor-widget-wd_team_member\" data-id=\"be5d3bf\" data-element_type=\"widget\" data-e-type=\"widget\" data-widget_type=\"wd_team_member.default\">\n\t\t\t\t<div class=\"elementor-widget-container\">\n\t\t\t\t\t\t\t<div class=\"team-member member-layout-default text-center\">\n\t\t\t\t\t\t\t<div class=\"member-image-wrapper\">\n\t\t\t\t\t<div class=\"member-image\">\n\t\t\t\t\t\t<img decoding=\"async\" width=\"1000\" height=\"1000\" src=\"https:\/\/endospineistanbul.com\/wp-content\/uploads\/2025\/01\/Dr.-Eyup-Baykara.webp\" class=\"attachment-full size-full\" alt=\"\" srcset=\"https:\/\/endospineistanbul.com\/wp-content\/uploads\/2025\/01\/Dr.-Eyup-Baykara.webp 1000w, https:\/\/endospineistanbul.com\/wp-content\/uploads\/2025\/01\/Dr.-Eyup-Baykara-300x300.webp 300w, https:\/\/endospineistanbul.com\/wp-content\/uploads\/2025\/01\/Dr.-Eyup-Baykara-150x150.webp 150w, https:\/\/endospineistanbul.com\/wp-content\/uploads\/2025\/01\/Dr.-Eyup-Baykara-768x768.webp 768w, https:\/\/endospineistanbul.com\/wp-content\/uploads\/2025\/01\/Dr.-Eyup-Baykara-600x600.webp 600w\" sizes=\"(max-width: 1000px) 100vw, 1000px\" \/>\t\t\t\t\t<\/div>\n\t\t\t\t<\/div>\n\t\t\t\n\t\t\t<div class=\"member-details wd-set-mb reset-last-child\">\n\t\t\t\t\t\t\t\t\t<h4 class=\"member-name\">\n\t\t\t\t\t\tEy\u00fcp Baykara\t\t\t\t\t<\/h4>\n\t\t\t\t\n\t\t\t\t\t\t\t\t\t<div class=\"member-position\">\n\t\t\t\t\t\tOPERATOR ARZT\t\t\t\t\t<\/div>\n\t\t\t\t\n\t\t\t\t\n\t\t\t\t\t\t\t<\/div>\n\t\t<\/div>\n\t\t\t\t\t\t<\/div>\n\t\t\t\t<\/div>\n\t\t\t\t<\/div>\n\t\t<div class=\"elementor-element elementor-element-70b9259 e-con-full e-flex e-con e-child\" data-id=\"70b9259\" data-element_type=\"container\" data-e-type=\"container\">\n\t\t\t\t<div class=\"elementor-element elementor-element-6a180d1 elementor-widget elementor-widget-wd_text_block\" data-id=\"6a180d1\" data-element_type=\"widget\" data-e-type=\"widget\" data-widget_type=\"wd_text_block.default\">\n\t\t\t\t<div class=\"elementor-widget-container\">\n\t\t\t\t\t\t\t<div class=\"wd-text-block reset-last-child text-left\">\n\t\t\t\n\t\t\t<p style=\"text-align: justify;\">Dr. Das Ziel von Baykara ist es, die Lebensqualit\u00e4t jedes Patienten durch individuelle Behandlungsm\u00f6glichkeiten zu verbessern. Dank minimalinvasiver Techniken versp\u00fcren die Patienten w\u00e4hrend und nach der Operation weniger Schmerzen und eine k\u00fcrzere Erholungsphase.<\/p><p style=\"text-align: justify;\">Nach der Teilnahme an zahlreichen Kongressen und Kursen im In- und Ausland hat Dr. Dar\u00fcber hinaus hat Baykara Artikel in wissenschaftlichen Fachzeitschriften mit Peer-Review ver\u00f6ffentlicht. Durch die Integration wissenschaftlicher Innovationen in die Praxis nimmt das Institut weiterhin eine Vorreiterrolle auf seinem Gebiet ein.<\/p>\n\t\t\t\t\t<\/div>\n\t\t\t\t\t\t<\/div>\n\t\t\t\t<\/div>\n\t\t\t\t<\/div>\n\t\t\t\t\t<\/div>\n\t\t\t\t<\/div>\n\t\t<div class=\"wd-negative-gap elementor-element elementor-element-bcd1430 wd-section-stretch elementor-hidden-tablet elementor-hidden-mobile e-flex e-con-boxed e-con e-parent\" data-id=\"bcd1430\" data-element_type=\"container\" data-e-type=\"container\" data-settings=\"{&quot;background_background&quot;:&quot;classic&quot;}\">\n\t\t\t\t\t<div class=\"e-con-inner\">\n\t\t\t\t<div class=\"elementor-element elementor-element-8feb81d elementor-widget__width-initial elementor-widget-tablet__width-initial wd-width-100 elementor-widget elementor-widget-wd_title\" data-id=\"8feb81d\" data-element_type=\"widget\" data-e-type=\"widget\" data-widget_type=\"wd_title.default\">\n\t\t\t\t<div class=\"elementor-widget-container\">\n\t\t\t\t\t\t\t<div class=\"title-wrapper wd-set-mb reset-last-child wd-title-color-white wd-title-style-default wd-title-size-large text-left\">\n\n\t\t\t\t\t\t\t\t\t\t\t<div class=\"title-subtitle subtitle-color-white subtitle-style-default wd-fontsize-xs\">\n\t\t\t\t\tENDOSPINE ISTANBUL\t\t\t\t<\/div>\n\t\t\t\n\t\t\t<div class=\"liner-continer\">\n\t\t\t\t<h4 class=\"woodmart-title-container title wd-fontsize-xxl\">Der richtige Schritt f\u00fcr Ihre Gesundheit!<\/h4> \n\t\t\t\t\t\t\t<\/div>\n\n\t\t\t\t\t<\/div>\n\t\t\t\t\t\t<\/div>\n\t\t\t\t<\/div>\n\t\t\t\t<div class=\"elementor-element elementor-element-7233531 elementor-widget__width-initial elementor-widget elementor-widget-wd_text_block\" data-id=\"7233531\" data-element_type=\"widget\" data-e-type=\"widget\" data-widget_type=\"wd_text_block.default\">\n\t\t\t\t<div class=\"elementor-widget-container\">\n\t\t\t\t\t\t\t<div class=\"wd-text-block reset-last-child text-left color-scheme-light\">\n\t\t\t\n\t\t\t<p style=\"text-align: justify;\">Wir bieten Ihnen individuelle L\u00f6sungen zur Wiedererlangung Ihrer Bewegungsfreiheit und Steigerung Ihrer Lebensqualit\u00e4t. Wir sorgen mit minimalinvasiven Techniken f\u00fcr einen angenehmen und schnellen Genesungsprozess.<\/p>\n\t\t\t\t\t<\/div>\n\t\t\t\t\t\t<\/div>\n\t\t\t\t<\/div>\n\t\t\t\t\t<\/div>\n\t\t\t\t<\/div>\n\t\t\t\t<\/div>\n\t\t","protected":false},"excerpt":{"rendered":"<p>Gesunde Bewegung, gl\u00fcckliches Leben! \u201cGesunde Bewegung, gl\u00fcckliches Leben!\u201c Unser Slogan fasst die innovativen chirurgischen Ans\u00e4tze zusammen, die wir anbieten, um<\/p>\n","protected":false},"author":4,"featured_media":9663,"parent":0,"menu_order":0,"comment_status":"closed","ping_status":"closed","template":"","meta":{"footnotes":""},"class_list":["post-10324","page","type-page","status-publish","has-post-thumbnail","hentry"],"_links":{"self":[{"href":"https:\/\/endospineistanbul.com\/de\/wp-json\/wp\/v2\/pages\/10324","targetHints":{"allow":["GET"]}}],"collection":[{"href":"https:\/\/endospineistanbul.com\/de\/wp-json\/wp\/v2\/pages"}],"about":[{"href":"https:\/\/endospineistanbul.com\/de\/wp-json\/wp\/v2\/types\/page"}],"author":[{"embeddable":true,"href":"https:\/\/endospineistanbul.com\/de\/wp-json\/wp\/v2\/users\/4"}],"replies":[{"embeddable":true,"href":"https:\/\/endospineistanbul.com\/de\/wp-json\/wp\/v2\/comments?post=10324"}],"version-history":[{"count":5,"href":"https:\/\/endospineistanbul.com\/de\/wp-json\/wp\/v2\/pages\/10324\/revisions"}],"predecessor-version":[{"id":10347,"href":"https:\/\/endospineistanbul.com\/de\/wp-json\/wp\/v2\/pages\/10324\/revisions\/10347"}],"wp:featuredmedia":[{"embeddable":true,"href":"https:\/\/endospineistanbul.com\/de\/wp-json\/wp\/v2\/media\/9663"}],"wp:attachment":[{"href":"https:\/\/endospineistanbul.com\/de\/wp-json\/wp\/v2\/media?parent=10324"}],"curies":[{"name":"wp","href":"https:\/\/api.w.org\/{rel}","templated":true}]}}