{"id":10440,"date":"2021-11-04T14:52:53","date_gmt":"2021-11-04T14:52:53","guid":{"rendered":"https:\/\/endospineistanbul.com\/hakkimizda\/"},"modified":"2025-01-25T12:52:01","modified_gmt":"2025-01-25T12:52:01","slug":"%d9%85%d8%b9%d9%84%d9%88%d9%85%d8%a7%d8%aa-%d8%b9%d9%86%d8%a7","status":"publish","type":"page","link":"https:\/\/endospineistanbul.com\/ar\/%d9%85%d8%b9%d9%84%d9%88%d9%85%d8%a7%d8%aa-%d8%b9%d9%86%d8%a7\/","title":{"rendered":"\u0645\u0639\u0644\u0648\u0645\u0627\u062a \u0639\u0646\u0627"},"content":{"rendered":"\t\t<div data-elementor-type=\"wp-page\" data-elementor-id=\"10440\" class=\"elementor elementor-10440\">\n\t\t\t\t<div class=\"wd-negative-gap elementor-element elementor-element-369ab8f wd-section-stretch e-flex e-con-boxed e-con e-parent\" data-id=\"369ab8f\" data-element_type=\"container\" data-e-type=\"container\" data-settings=\"{&quot;background_background&quot;:&quot;classic&quot;}\">\n\t\t\t\t\t<div class=\"e-con-inner\">\n\t\t<div class=\"elementor-element elementor-element-7f57c8a e-con-full elementor-hidden-tablet elementor-hidden-mobile e-flex e-con e-child\" data-id=\"7f57c8a\" data-element_type=\"container\" data-e-type=\"container\">\n\t\t<div class=\"elementor-element elementor-element-d3edb93 e-con-full e-flex e-con e-child\" data-id=\"d3edb93\" data-element_type=\"container\" data-e-type=\"container\">\n\t\t\t\t<div class=\"elementor-element elementor-element-4cd7a64 elementor-widget__width-inherit elementor-widget elementor-widget-wd_image_or_svg\" data-id=\"4cd7a64\" data-element_type=\"widget\" data-e-type=\"widget\" data-widget_type=\"wd_image_or_svg.default\">\n\t\t\t\t<div class=\"elementor-widget-container\">\n\t\t\t\t\t\n\t\t<div class=\"wd-image text-center\">\n\t\t\t\t\t\t\t\t<img fetchpriority=\"high\" decoding=\"async\" width=\"3160\" height=\"840\" src=\"https:\/\/endospineistanbul.com\/wp-content\/uploads\/2025\/01\/endospinelogo.png\" class=\"attachment-full size-full\" alt=\"\" srcset=\"https:\/\/endospineistanbul.com\/wp-content\/uploads\/2025\/01\/endospinelogo.png 3160w, https:\/\/endospineistanbul.com\/wp-content\/uploads\/2025\/01\/endospinelogo-300x80.png 300w, https:\/\/endospineistanbul.com\/wp-content\/uploads\/2025\/01\/endospinelogo-1024x272.png 1024w, https:\/\/endospineistanbul.com\/wp-content\/uploads\/2025\/01\/endospinelogo-768x204.png 768w, https:\/\/endospineistanbul.com\/wp-content\/uploads\/2025\/01\/endospinelogo-1536x408.png 1536w, https:\/\/endospineistanbul.com\/wp-content\/uploads\/2025\/01\/endospinelogo-2048x544.png 2048w, https:\/\/endospineistanbul.com\/wp-content\/uploads\/2025\/01\/endospinelogo-600x159.png 600w, https:\/\/endospineistanbul.com\/wp-content\/uploads\/2025\/01\/endospinelogo-150x40.png 150w\" sizes=\"(max-width: 3160px) 100vw, 3160px\" \/>\t\t\t\t\t<\/div>\n\n\t\t\t\t\t\t<\/div>\n\t\t\t\t<\/div>\n\t\t\t\t<\/div>\n\t\t\t\t<\/div>\n\t\t<div class=\"elementor-element elementor-element-48d005c e-con-full e-flex e-con e-child\" data-id=\"48d005c\" data-element_type=\"container\" data-e-type=\"container\">\n\t\t\t\t<div class=\"elementor-element elementor-element-903a87a wd-width-100 elementor-widget elementor-widget-wd_title\" data-id=\"903a87a\" data-element_type=\"widget\" data-e-type=\"widget\" data-widget_type=\"wd_title.default\">\n\t\t\t\t<div class=\"elementor-widget-container\">\n\t\t\t\t\t\t\t<div class=\"title-wrapper wd-set-mb reset-last-child wd-title-color-default wd-title-style-default wd-title-size-large text-left\">\n\n\t\t\t\n\t\t\t<div class=\"liner-continer\">\n\t\t\t\t<h4 class=\"woodmart-title-container title wd-fontsize-xxl\">\u062d\u0631\u0643\u0629 \u0635\u062d\u064a\u0629\u060c \u062d\u064a\u0627\u0629 \u0633\u0639\u064a\u062f\u0629!<\/h4> \n\t\t\t\t\t\t\t<\/div>\n\n\t\t\t\t\t<\/div>\n\t\t\t\t\t\t<\/div>\n\t\t\t\t<\/div>\n\t\t\t\t<div class=\"elementor-element elementor-element-86b5333 elementor-widget__width-inherit elementor-widget elementor-widget-wd_text_block\" data-id=\"86b5333\" data-element_type=\"widget\" data-e-type=\"widget\" data-widget_type=\"wd_text_block.default\">\n\t\t\t\t<div class=\"elementor-widget-container\">\n\t\t\t\t\t\t\t<div class=\"wd-text-block reset-last-child text-left\">\n\t\t\t\n\t\t\t<p style=\"text-align: justify;\">\"\u062d\u0631\u0643\u0629 \u0635\u062d\u064a\u0629\u060c \u062d\u064a\u0627\u0629 \u0633\u0639\u064a\u062f\u0629!\" \u064a\u0644\u062e\u0635 \u0634\u0639\u0627\u0631\u0646\u0627 \u0627\u0644\u0623\u0633\u0627\u0644\u064a\u0628 \u0627\u0644\u062c\u0631\u0627\u062d\u064a\u0629 \u0627\u0644\u0645\u0628\u062a\u0643\u0631\u0629 \u0627\u0644\u062a\u064a \u0646\u0642\u062f\u0645\u0647\u0627 \u0644\u062a\u0645\u0643\u064a\u0646 \u0645\u0631\u0636\u0627\u0646\u0627 \u0645\u0646 \u0639\u064a\u0634 \u062d\u064a\u0627\u0629 \u0623\u0643\u062b\u0631 \u0646\u0634\u0627\u0637\u064b\u0627 \u0648\u062e\u0627\u0644\u064a\u0629 \u0645\u0646 \u0627\u0644\u0623\u0644\u0645.<\/p><p style=\"text-align: justify;\">\u062a\u0647\u062f\u0641 \u062c\u0631\u0627\u062d\u0627\u062a \u0627\u0644\u0639\u0645\u0648\u062f \u0627\u0644\u0641\u0642\u0631\u064a \u0627\u0644\u062a\u064a \u0646\u062c\u0631\u064a\u0647\u0627 \u0628\u0627\u0633\u062a\u062e\u062f\u0627\u0645 \u062a\u0642\u0646\u064a\u0627\u062a \u0627\u0644\u062a\u0646\u0638\u064a\u0631 \u0627\u0644\u0645\u063a\u0644\u0642\u0629 \u0628\u0627\u0644\u0643\u0627\u0645\u0644 \u0625\u0644\u0649 \u062a\u062d\u0633\u064a\u0646 \u0646\u0648\u0639\u064a\u0629 \u0627\u0644\u062d\u064a\u0627\u0629 \u0645\u0646 \u062e\u0644\u0627\u0644 \u062a\u0648\u0641\u064a\u0631 \u0639\u0645\u0644\u064a\u0629 \u062a\u0639\u0627\u0641\u064a \u0633\u0631\u064a\u0639\u0629. \u0646\u062d\u0646 \u0647\u0646\u0627 \u0644\u0645\u0633\u0627\u0639\u062f\u062a\u0643 \u0639\u0644\u0649 \u0627\u0633\u062a\u0639\u0627\u062f\u0629 \u062d\u0631\u064a\u062a\u0643 \u0641\u064a \u0627\u0644\u062d\u0631\u0643\u0629!<\/p>\n\t\t\t\t\t<\/div>\n\t\t\t\t\t\t<\/div>\n\t\t\t\t<\/div>\n\t\t\t\t<\/div>\n\t\t\t\t\t<\/div>\n\t\t\t\t<\/div>\n\t\t<div class=\"wd-negative-gap elementor-element elementor-element-ae9e5dd e-flex e-con-boxed e-con e-parent\" data-id=\"ae9e5dd\" data-element_type=\"container\" data-e-type=\"container\">\n\t\t\t\t\t<div class=\"e-con-inner\">\n\t\t<div class=\"elementor-element elementor-element-596cdcd e-con-full e-flex e-con e-child\" data-id=\"596cdcd\" data-element_type=\"container\" data-e-type=\"container\">\n\t\t\t\t<div class=\"elementor-element elementor-element-a8680b6 wd-width-100 elementor-widget elementor-widget-wd_title\" data-id=\"a8680b6\" data-element_type=\"widget\" data-e-type=\"widget\" data-widget_type=\"wd_title.default\">\n\t\t\t\t<div class=\"elementor-widget-container\">\n\t\t\t\t\t\t\t<div class=\"title-wrapper wd-set-mb reset-last-child wd-title-color-primary wd-title-style-underlined-2 wd-title-size-large text-left\">\n\n\t\t\t\n\t\t\t<div class=\"liner-continer\">\n\t\t\t\t<h4 class=\"woodmart-title-container title wd-fontsize-xxl\">\u062f\u0643\u062a\u0648\u0631. \u0627\u064a\u0648\u0628 \u0628\u0627\u064a\u0643\u0627\u0631\u0627<\/h4> \n\t\t\t\t\t\t\t<\/div>\n\n\t\t\t\t\t<\/div>\n\t\t\t\t\t\t<\/div>\n\t\t\t\t<\/div>\n\t\t\t\t<div class=\"elementor-element elementor-element-a53b250 elementor-widget elementor-widget-wd_text_block\" data-id=\"a53b250\" data-element_type=\"widget\" data-e-type=\"widget\" data-widget_type=\"wd_text_block.default\">\n\t\t\t\t<div class=\"elementor-widget-container\">\n\t\t\t\t\t\t\t<div class=\"wd-text-block reset-last-child text-left\">\n\t\t\t\n\t\t\t<p style=\"text-align: justify;\">\u0623\u0648\u0628. \u062f\u0643\u062a\u0648\u0631. \u064a\u0639\u062f \u0627\u0644\u062f\u0643\u062a\u0648\u0631 \u0623\u064a\u0648\u0628 \u0628\u0627\u064a\u0643\u0627\u0631\u0627 \u0623\u062d\u062f \u0623\u0628\u0631\u0632 \u0627\u0644\u0645\u062a\u062e\u0635\u0635\u064a\u0646 \u0641\u064a \u062a\u0631\u0643\u064a\u0627 \u0641\u064a \u062c\u0631\u0627\u062d\u0629 \u0627\u0644\u0639\u0645\u0648\u062f \u0627\u0644\u0641\u0642\u0631\u064a \u0628\u0627\u0644\u0645\u0646\u0638\u0627\u0631 \u0627\u0644\u0643\u0627\u0645\u0644. \u0648\u0644\u062f \u0627\u0644\u062f\u0643\u062a\u0648\u0631 \u0641\u064a \u0627\u0633\u0637\u0646\u0628\u0648\u0644. \u0623\u0643\u0645\u0644 \u0628\u0627\u064a\u0643\u0627\u0631\u0627 \u062a\u0639\u0644\u064a\u0645\u0647 \u0627\u0644\u0637\u0628\u064a \u0641\u064a \u0643\u0644\u064a\u0629 \u0627\u0644\u0637\u0628 \u0628\u062c\u0627\u0645\u0639\u0629 \u062a\u0631\u0627\u0643\u064a\u0627 \u062b\u0645 \u062a\u0644\u0642\u0649 \u062a\u062f\u0631\u064a\u0628\u0647 \u0627\u0644\u062a\u062e\u0635\u0635\u064a \u0641\u064a \u0643\u0644\u064a\u0629 \u0627\u0644\u0637\u0628 \u0628\u062c\u0627\u0645\u0639\u0629 \u0628\u0627\u0645\u0648\u0643\u0627\u0644\u064a\u060c \u0642\u0633\u0645 \u062c\u0631\u0627\u062d\u0629 \u0627\u0644\u0645\u062e \u0648\u0627\u0644\u0623\u0639\u0635\u0627\u0628.<\/p><p style=\"text-align: justify;\">\u0628\u0639\u062f \u0623\u0646 \u062a\u0627\u0628\u0639 \u0639\u0646 \u0643\u062b\u0628 \u0627\u0644\u0627\u0628\u062a\u0643\u0627\u0631\u0627\u062a \u0648\u0627\u0644\u062a\u0637\u0648\u0631\u0627\u062a \u0627\u0644\u062a\u0643\u0646\u0648\u0644\u0648\u062c\u064a\u0629 \u0641\u064a \u0645\u062c\u0627\u0644 \u062c\u0631\u0627\u062d\u0629 \u0627\u0644\u0639\u0645\u0648\u062f \u0627\u0644\u0641\u0642\u0631\u064a \u0637\u0648\u0627\u0644 \u0645\u0633\u064a\u0631\u062a\u0647 \u0627\u0644\u0637\u0628\u064a\u0629\u060c \u062a\u0645\u0643\u0646 \u0627\u0644\u062f\u0643\u062a\u0648\u0631. \u064a\u062a\u0645\u062a\u0639 \u0627\u0644\u062f\u0643\u062a\u0648\u0631 \u0628\u0627\u064a\u0643\u0627\u0631\u0627 \u0628\u062e\u0628\u0631\u0629 \u0639\u0645\u064a\u0642\u0629 \u0641\u064a \u062a\u0642\u0646\u064a\u0627\u062a \u0627\u0644\u062c\u0631\u0627\u062d\u0629 \u0627\u0644\u062a\u0646\u0638\u064a\u0631\u064a\u0629 \u0627\u0644\u0645\u063a\u0644\u0642\u0629 \u0628\u0627\u0644\u0643\u0627\u0645\u0644. \u0648\u0627\u0644\u064a\u0648\u0645\u060c \u062a\u0642\u062f\u0645 \u0644\u0645\u0631\u0636\u0627\u0647\u0627 \u0639\u0645\u0644\u064a\u0629 \u062a\u0639\u0627\u0641\u064a \u0645\u0631\u064a\u062d\u0629 \u0648\u0633\u0631\u064a\u0639\u0629 \u0628\u0627\u0633\u062a\u062e\u062f\u0627\u0645 \u0623\u0633\u0627\u0644\u064a\u0628 \u062c\u0631\u0627\u062d\u064a\u0629 \u0642\u0644\u064a\u0644\u0629 \u0627\u0644\u062a\u062f\u062e\u0644.<\/p><p style=\"text-align: justify;\">\u0648\u062a\u0634\u0645\u0644 \u0627\u0644\u062e\u062f\u0645\u0627\u062a \u0627\u0644\u062a\u064a \u062a\u0642\u062f\u0645\u0647\u0627 \u0645\u0627 \u064a\u0644\u064a:<\/p><p style=\"text-align: justify;\">\u062c\u0631\u0627\u062d\u0629 \u0627\u0644\u0627\u0646\u0632\u0644\u0627\u0642 \u0627\u0644\u063a\u0636\u0631\u0648\u0641\u064a \u0627\u0644\u0642\u0637\u0646\u064a \u0628\u0627\u0644\u0645\u0646\u0638\u0627\u0631 \u0627\u0644\u0643\u0627\u0645\u0644<br \/>\u062c\u0631\u0627\u062d\u0629 \u062a\u0636\u064a\u0642 \u0627\u0644\u0642\u0646\u0627\u0629 \u0628\u0627\u0644\u0645\u0646\u0638\u0627\u0631 \u0627\u0644\u0643\u0627\u0645\u0644<br \/>\u062c\u0631\u0627\u062d\u0629 \u0627\u0646\u0632\u0644\u0627\u0642 \u063a\u0636\u0631\u0648\u0641\u064a \u0639\u0646\u0642\u064a \u0628\u0627\u0644\u0645\u0646\u0638\u0627\u0631 \u0627\u0644\u0643\u0627\u0645\u0644<\/p><p style=\"text-align: justify;\">\u062f\u0643\u062a\u0648\u0631. \u0647\u062f\u0641 \u0628\u0627\u064a\u0643\u0627\u0631\u0627 \u0647\u0648 \u062a\u062d\u0633\u064a\u0646 \u0646\u0648\u0639\u064a\u0629 \u062d\u064a\u0627\u0629 \u0643\u0644 \u0645\u0631\u064a\u0636 \u0645\u0646 \u062e\u0644\u0627\u0644 \u062a\u0642\u062f\u064a\u0645 \u062e\u064a\u0627\u0631\u0627\u062a \u0639\u0644\u0627\u062c \u0641\u0631\u062f\u064a\u0629. \u0628\u0641\u0636\u0644 \u0627\u0644\u062a\u0642\u0646\u064a\u0627\u062a \u0627\u0644\u0623\u0642\u0644 \u062a\u062f\u062e\u0644\u0627\u064b\u060c \u064a\u0639\u0627\u0646\u064a \u0627\u0644\u0645\u0631\u0636\u0649 \u0645\u0646 \u0623\u0644\u0645 \u0623\u0642\u0644 \u0648\u0641\u062a\u0631\u0629 \u062a\u0639\u0627\u0641\u064a \u0623\u0642\u0635\u0631 \u0623\u062b\u0646\u0627\u0621 \u0627\u0644\u062c\u0631\u0627\u062d\u0629 \u0648\u0628\u0639\u062f\u0647\u0627.<\/p>\n\t\t\t\t\t<\/div>\n\t\t\t\t\t\t<\/div>\n\t\t\t\t<\/div>\n\t\t\t\t<\/div>\n\t\t<div class=\"elementor-element elementor-element-e725b02 e-con-full e-flex e-con e-child\" data-id=\"e725b02\" data-element_type=\"container\" data-e-type=\"container\">\n\t\t\t\t<div class=\"elementor-element elementor-element-be5d3bf elementor-widget__width-inherit elementor-widget elementor-widget-wd_team_member\" data-id=\"be5d3bf\" data-element_type=\"widget\" data-e-type=\"widget\" data-widget_type=\"wd_team_member.default\">\n\t\t\t\t<div class=\"elementor-widget-container\">\n\t\t\t\t\t\t\t<div class=\"team-member member-layout-default text-center\">\n\t\t\t\t\t\t\t<div class=\"member-image-wrapper\">\n\t\t\t\t\t<div class=\"member-image\">\n\t\t\t\t\t\t<img decoding=\"async\" width=\"1000\" height=\"1000\" src=\"https:\/\/endospineistanbul.com\/wp-content\/uploads\/2025\/01\/Dr.-Eyup-Baykara.webp\" class=\"attachment-full size-full\" alt=\"\" srcset=\"https:\/\/endospineistanbul.com\/wp-content\/uploads\/2025\/01\/Dr.-Eyup-Baykara.webp 1000w, https:\/\/endospineistanbul.com\/wp-content\/uploads\/2025\/01\/Dr.-Eyup-Baykara-300x300.webp 300w, https:\/\/endospineistanbul.com\/wp-content\/uploads\/2025\/01\/Dr.-Eyup-Baykara-150x150.webp 150w, https:\/\/endospineistanbul.com\/wp-content\/uploads\/2025\/01\/Dr.-Eyup-Baykara-768x768.webp 768w, https:\/\/endospineistanbul.com\/wp-content\/uploads\/2025\/01\/Dr.-Eyup-Baykara-600x600.webp 600w\" sizes=\"(max-width: 1000px) 100vw, 1000px\" \/>\t\t\t\t\t<\/div>\n\t\t\t\t<\/div>\n\t\t\t\n\t\t\t<div class=\"member-details wd-set-mb reset-last-child\">\n\t\t\t\t\t\t\t\t\t<h4 class=\"member-name\">\n\t\t\t\t\t\t\u0623\u064a\u0648\u0628 \u0628\u0627\u064a\u0643\u0627\u0631\u0627\t\t\t\t\t<\/h4>\n\t\t\t\t\n\t\t\t\t\t\t\t\t\t<div class=\"member-position\">\n\t\t\t\t\t\t\u0637\u0628\u064a\u0628 \u0627\u0644\u0645\u0634\u063a\u0644\t\t\t\t\t<\/div>\n\t\t\t\t\n\t\t\t\t\n\t\t\t\t\t\t\t<\/div>\n\t\t<\/div>\n\t\t\t\t\t\t<\/div>\n\t\t\t\t<\/div>\n\t\t\t\t<\/div>\n\t\t<div class=\"elementor-element elementor-element-70b9259 e-con-full e-flex e-con e-child\" data-id=\"70b9259\" data-element_type=\"container\" data-e-type=\"container\">\n\t\t\t\t<div class=\"elementor-element elementor-element-6a180d1 elementor-widget elementor-widget-wd_text_block\" data-id=\"6a180d1\" data-element_type=\"widget\" data-e-type=\"widget\" data-widget_type=\"wd_text_block.default\">\n\t\t\t\t<div class=\"elementor-widget-container\">\n\t\t\t\t\t\t\t<div class=\"wd-text-block reset-last-child text-left\">\n\t\t\t\n\t\t\t<p style=\"text-align: justify;\">\u0628\u0639\u062f \u0645\u0634\u0627\u0631\u0643\u062a\u0647 \u0641\u064a \u0627\u0644\u0639\u062f\u064a\u062f \u0645\u0646 \u0627\u0644\u0645\u0624\u062a\u0645\u0631\u0627\u062a \u0648\u0627\u0644\u062f\u0648\u0631\u0627\u062a \u0627\u0644\u062a\u062f\u0631\u064a\u0628\u064a\u0629 \u0641\u064a \u0627\u0644\u062f\u0627\u062e\u0644 \u0648\u0627\u0644\u062e\u0627\u0631\u062c\u060c \u0639\u0645\u0644 \u062f. \u0643\u0645\u0627 \u0646\u0634\u0631 \u0628\u0627\u064a\u0643\u0627\u0631\u0627 \u0645\u0642\u0627\u0644\u0627\u062a \u0641\u064a \u0645\u062c\u0644\u0627\u062a \u0639\u0644\u0645\u064a\u0629 \u0645\u062d\u0643\u0645\u0629. \u0648\u0645\u0646 \u062e\u0644\u0627\u0644 \u062f\u0645\u062c \u0627\u0644\u0627\u0628\u062a\u0643\u0627\u0631\u0627\u062a \u0627\u0644\u0639\u0644\u0645\u064a\u0629 \u0641\u064a \u0627\u0644\u0645\u0645\u0627\u0631\u0633\u0629 \u0627\u0644\u0639\u0645\u0644\u064a\u0629\u060c \u062a\u0648\u0627\u0635\u0644 \u0627\u0644\u062c\u0627\u0645\u0639\u0629 \u0644\u0639\u0628 \u062f\u0648\u0631 \u0631\u0627\u0626\u062f \u0641\u064a \u0645\u062c\u0627\u0644\u0647\u0627.<\/p>\n\t\t\t\t\t<\/div>\n\t\t\t\t\t\t<\/div>\n\t\t\t\t<\/div>\n\t\t\t\t<\/div>\n\t\t\t\t\t<\/div>\n\t\t\t\t<\/div>\n\t\t<div class=\"wd-negative-gap elementor-element elementor-element-bcd1430 wd-section-stretch elementor-hidden-tablet elementor-hidden-mobile e-flex e-con-boxed e-con e-parent\" data-id=\"bcd1430\" data-element_type=\"container\" data-e-type=\"container\" data-settings=\"{&quot;background_background&quot;:&quot;classic&quot;}\">\n\t\t\t\t\t<div class=\"e-con-inner\">\n\t\t\t\t<div class=\"elementor-element elementor-element-8feb81d elementor-widget__width-initial elementor-widget-tablet__width-initial wd-width-100 elementor-widget elementor-widget-wd_title\" data-id=\"8feb81d\" data-element_type=\"widget\" data-e-type=\"widget\" data-widget_type=\"wd_title.default\">\n\t\t\t\t<div class=\"elementor-widget-container\">\n\t\t\t\t\t\t\t<div class=\"title-wrapper wd-set-mb reset-last-child wd-title-color-white wd-title-style-default wd-title-size-large text-left\">\n\n\t\t\t\t\t\t\t\t\t\t\t<div class=\"title-subtitle subtitle-color-white subtitle-style-default wd-fontsize-xs\">\n\t\t\t\t\tENDOSP\u0130NE \u0130STANBUL\t\t\t\t<\/div>\n\t\t\t\n\t\t\t<div class=\"liner-continer\">\n\t\t\t\t<h4 class=\"woodmart-title-container title wd-fontsize-xxl\">Sa\u011fl\u0131\u011f\u0131n\u0131z \u0130\u00e7in Do\u011fru Ad\u0131m!<\/h4> \n\t\t\t\t\t\t\t<\/div>\n\n\t\t\t\t\t<\/div>\n\t\t\t\t\t\t<\/div>\n\t\t\t\t<\/div>\n\t\t\t\t<div class=\"elementor-element elementor-element-7233531 elementor-widget__width-initial elementor-widget elementor-widget-wd_text_block\" data-id=\"7233531\" data-element_type=\"widget\" data-e-type=\"widget\" data-widget_type=\"wd_text_block.default\">\n\t\t\t\t<div class=\"elementor-widget-container\">\n\t\t\t\t\t\t\t<div class=\"wd-text-block reset-last-child text-left color-scheme-light\">\n\t\t\t\n\t\t\t<p style=\"text-align: justify;\">Hareket \u00f6zg\u00fcrl\u00fc\u011f\u00fcn\u00fc geri kazanmak ve ya\u015fam kalitenizi art\u0131rmak i\u00e7in size \u00f6zel \u00e7\u00f6z\u00fcmler sunuyoruz. Minimal invaziv tekniklerle konforlu ve h\u0131zl\u0131 bir iyile\u015fme s\u00fcreci sa\u011fl\u0131yoruz.<\/p>\n\t\t\t\t\t<\/div>\n\t\t\t\t\t\t<\/div>\n\t\t\t\t<\/div>\n\t\t\t\t\t<\/div>\n\t\t\t\t<\/div>\n\t\t\t\t<\/div>\n\t\t","protected":false},"excerpt":{"rendered":"<p>\u062d\u0631\u0643\u0629 \u0635\u062d\u064a\u0629\u060c \u062d\u064a\u0627\u0629 \u0633\u0639\u064a\u062f\u0629! &#8220;\u062d\u0631\u0643\u0629 \u0635\u062d\u064a\u0629\u060c \u062d\u064a\u0627\u0629 \u0633\u0639\u064a\u062f\u0629!&#8221; \u064a\u0644\u062e\u0635 \u0634\u0639\u0627\u0631\u0646\u0627 \u0627\u0644\u0623\u0633\u0627\u0644\u064a\u0628 \u0627\u0644\u062c\u0631\u0627\u062d\u064a\u0629 \u0627\u0644\u0645\u0628\u062a\u0643\u0631\u0629 \u0627\u0644\u062a\u064a \u0646\u0642\u062f\u0645\u0647\u0627 \u0644\u062a\u0645\u0643\u064a\u0646 \u0645\u0631\u0636\u0627\u0646\u0627 \u0645\u0646 \u0639\u064a\u0634 \u062d\u064a\u0627\u0629<\/p>\n","protected":false},"author":4,"featured_media":9661,"parent":0,"menu_order":0,"comment_status":"closed","ping_status":"closed","template":"","meta":{"footnotes":""},"class_list":["post-10440","page","type-page","status-publish","has-post-thumbnail","hentry"],"_links":{"self":[{"href":"https:\/\/endospineistanbul.com\/ar\/wp-json\/wp\/v2\/pages\/10440","targetHints":{"allow":["GET"]}}],"collection":[{"href":"https:\/\/endospineistanbul.com\/ar\/wp-json\/wp\/v2\/pages"}],"about":[{"href":"https:\/\/endospineistanbul.com\/ar\/wp-json\/wp\/v2\/types\/page"}],"author":[{"embeddable":true,"href":"https:\/\/endospineistanbul.com\/ar\/wp-json\/wp\/v2\/users\/4"}],"replies":[{"embeddable":true,"href":"https:\/\/endospineistanbul.com\/ar\/wp-json\/wp\/v2\/comments?post=10440"}],"version-history":[{"count":5,"href":"https:\/\/endospineistanbul.com\/ar\/wp-json\/wp\/v2\/pages\/10440\/revisions"}],"predecessor-version":[{"id":10462,"href":"https:\/\/endospineistanbul.com\/ar\/wp-json\/wp\/v2\/pages\/10440\/revisions\/10462"}],"wp:featuredmedia":[{"embeddable":true,"href":"https:\/\/endospineistanbul.com\/ar\/wp-json\/wp\/v2\/media\/9661"}],"wp:attachment":[{"href":"https:\/\/endospineistanbul.com\/ar\/wp-json\/wp\/v2\/media?parent=10440"}],"curies":[{"name":"wp","href":"https:\/\/api.w.org\/{rel}","templated":true}]}}